{"id":2,"date":"2026-04-12T17:26:00","date_gmt":"2026-04-12T17:26:00","guid":{"rendered":"https:\/\/heilendepfoten.de\/?page_id=2"},"modified":"2026-04-25T13:09:08","modified_gmt":"2026-04-25T13:09:08","slug":"impressum","status":"publish","type":"page","link":"https:\/\/heilendepfoten.de\/en\/impressum\/","title":{"rendered":"Legal notice"},"content":{"rendered":"<div data-elementor-type=\"wp-page\" data-elementor-id=\"2\" class=\"elementor elementor-2\" data-elementor-post-type=\"page\">\n\t\t\t\t<div class=\"elementor-element elementor-element-486608d5 e-flex e-con-boxed e-con e-parent\" data-id=\"486608d5\" data-element_type=\"container\" data-e-type=\"container\">\n\t\t\t\t\t<div class=\"e-con-inner\">\n\t\t\t\t<div class=\"elementor-element elementor-element-50f124b4 elementor-widget elementor-widget-text-editor\" data-id=\"50f124b4\" data-element_type=\"widget\" data-e-type=\"widget\" data-widget_type=\"text-editor.default\">\n\t\t\t\t\t\t\t\t\t\n<div class=\"section-title-wrapper margin-bottom-40 text-center shortcode-rand-4 counsell-inline-css\">\n<div class=\"title-wrap\"><span class=\"sub-title\">Angaben gem. \u00a7 5 TMG<\/span>\n<h2 class=\"section-title wp-block-heading\">Legal notice<\/h2>\n<\/div>\n<div class=\"section-description\">Fachanw\u00e4ltin f\u00fcr Medizinrecht<br \/>Magistra Rerum Fiscalium<br \/>Master of Laws <br \/>Master of Advanced Studies (International Tax Law)<br \/><br \/><\/div>\n<\/div>\n<div class=\"wpb_text_column wpb_content_element\">\n<div class=\"wpb_wrapper\">\n<h4><b>Angaben zum Unternehmen<br \/><br \/><\/b><\/h4>\n<p>Hauptsitz<br \/>Steuerb\u00fcro und Anwaltskanzlei Sch\u00fcler<br \/>Wasserweg 2, 64521 Gro\u00df-Gerau<\/p>\n<h4><b>Contact<\/b><\/h4>\n<center>\n<p>Telefon: 0 61\u00a052 \u2013 806 8312<br \/>E-Mail: <a class=\"cm_anchor\" href=\"mailto:info@heilendepfoten\">info@heilendepfoten<\/a><br \/>Web: https:\/\/www.heilendepfoten.de<\/p>\n<h4><b>Umsatzsteuer-ID<\/b><\/h4>\n<p>DE215936852<\/p>\n<h4><b>Verantwortlich f\u00fcr redaktionelle Inhalte nach \u00a7 55 Abs. 2 RStV<\/b><\/h4>\n<p>Verena Sch\u00fcler<br \/>Quellenangaben f\u00fcr die verwendeten Bilder und Grafiken:<br \/>pixabay.com<\/p>\n<h4><b>Technische Umsetzung und Betreuung<br \/><\/b><\/h4>\n<p>erfolgt durch Kangaroo-IT (Lukas Jozefaciuk) | (<a href=\"https:\/\/www.kangaroo-it.de\/\">Kangaroo IT<\/a>)<\/p>\n<\/center><\/div>\n<\/div>\t\t\t\t\t\t\t\t<\/div>\n\t\t\t\t\t<\/div>\n\t\t\t\t<\/div>\n\t\t\t\t<\/div>","protected":false},"excerpt":{"rendered":"<p>Angaben gem. \u00a7 5 TMG Impressum Fachanw\u00e4ltin f\u00fcr MedizinrechtMagistra Rerum FiscaliumMaster of Laws Master of Advanced Studies (International Tax Law) Angaben zum Unternehmen HauptsitzSteuerb\u00fcro und Anwaltskanzlei Sch\u00fclerWasserweg 2, 64521 Gro\u00df-Gerau Kontakt Telefon: 0 61\u00a052 \u2013 806 8312E-Mail: info@heilendepfotenWeb: https:\/\/www.heilendepfoten.de Umsatzsteuer-ID DE215936852 Verantwortlich f\u00fcr redaktionelle Inhalte nach \u00a7 55 Abs. 2 RStV Verena Sch\u00fclerQuellenangaben f\u00fcr die [&hellip;]<\/p>\n","protected":false},"author":1,"featured_media":0,"parent":0,"menu_order":0,"comment_status":"closed","ping_status":"closed","template":"full-width-template.php","meta":{"footnotes":""},"class_list":["post-2","page","type-page","status-publish","hentry"],"yoast_head":"<!-- This site is optimized with the Yoast SEO plugin v27.5 - https:\/\/yoast.com\/product\/yoast-seo-wordpress\/ -->\n<title>Impressum - Verenas Tiersaloon - Ihre Praxis f\u00fcr die Gesundheit und das Wohlbefinden Ihres Tieres<\/title>\n<meta name=\"robots\" content=\"index, follow, max-snippet:-1, max-image-preview:large, max-video-preview:-1\" \/>\n<link rel=\"canonical\" href=\"https:\/\/heilendepfoten.de\/en\/impressum\/\" \/>\n<meta property=\"og:locale\" content=\"en_GB\" \/>\n<meta property=\"og:type\" content=\"article\" \/>\n<meta property=\"og:title\" content=\"Impressum - Verenas Tiersaloon - Ihre Praxis f\u00fcr die Gesundheit und das Wohlbefinden Ihres Tieres\" \/>\n<meta property=\"og:description\" content=\"Angaben gem. \u00a7 5 TMG Impressum Fachanw\u00e4ltin f\u00fcr MedizinrechtMagistra Rerum FiscaliumMaster of Laws Master of Advanced Studies (International Tax Law) Angaben zum Unternehmen HauptsitzSteuerb\u00fcro und Anwaltskanzlei Sch\u00fclerWasserweg 2, 64521 Gro\u00df-Gerau Kontakt Telefon: 0 61\u00a052 \u2013 806 8312E-Mail: info@heilendepfotenWeb: https:\/\/www.heilendepfoten.de Umsatzsteuer-ID DE215936852 Verantwortlich f\u00fcr redaktionelle Inhalte nach \u00a7 55 Abs. 2 RStV Verena Sch\u00fclerQuellenangaben f\u00fcr die [&hellip;]\" \/>\n<meta property=\"og:url\" content=\"https:\/\/heilendepfoten.de\/en\/impressum\/\" \/>\n<meta property=\"og:site_name\" content=\"Verenas Tiersaloon - Ihre Praxis f\u00fcr die Gesundheit und das Wohlbefinden Ihres Tieres\" \/>\n<meta property=\"article:modified_time\" content=\"2026-04-25T13:09:08+00:00\" \/>\n<meta name=\"twitter:card\" content=\"summary_large_image\" \/>\n<script type=\"application\/ld+json\" class=\"yoast-schema-graph\">{\"@context\":\"https:\\\/\\\/schema.org\",\"@graph\":[{\"@type\":\"WebPage\",\"@id\":\"https:\\\/\\\/heilendepfoten.de\\\/impressum\\\/\",\"url\":\"https:\\\/\\\/heilendepfoten.de\\\/impressum\\\/\",\"name\":\"Impressum - Verenas Tiersaloon - Ihre Praxis f\u00fcr die Gesundheit und das Wohlbefinden Ihres Tieres\",\"isPartOf\":{\"@id\":\"https:\\\/\\\/heilendepfoten.de\\\/#website\"},\"datePublished\":\"2026-04-12T17:26:00+00:00\",\"dateModified\":\"2026-04-25T13:09:08+00:00\",\"breadcrumb\":{\"@id\":\"https:\\\/\\\/heilendepfoten.de\\\/impressum\\\/#breadcrumb\"},\"inLanguage\":\"en-GB\",\"potentialAction\":[{\"@type\":\"ReadAction\",\"target\":[\"https:\\\/\\\/heilendepfoten.de\\\/impressum\\\/\"]}]},{\"@type\":\"BreadcrumbList\",\"@id\":\"https:\\\/\\\/heilendepfoten.de\\\/impressum\\\/#breadcrumb\",\"itemListElement\":[{\"@type\":\"ListItem\",\"position\":1,\"name\":\"Start\",\"item\":\"https:\\\/\\\/heilendepfoten.de\\\/\"},{\"@type\":\"ListItem\",\"position\":2,\"name\":\"Impressum\"}]},{\"@type\":\"WebSite\",\"@id\":\"https:\\\/\\\/heilendepfoten.de\\\/#website\",\"url\":\"https:\\\/\\\/heilendepfoten.de\\\/\",\"name\":\"Verenas Tiersaloon - Ihre Praxis f\u00fcr die Gesundheit und das Wohlbefinden Ihres Tieres\",\"description\":\"\",\"potentialAction\":[{\"@type\":\"SearchAction\",\"target\":{\"@type\":\"EntryPoint\",\"urlTemplate\":\"https:\\\/\\\/heilendepfoten.de\\\/?s={search_term_string}\"},\"query-input\":{\"@type\":\"PropertyValueSpecification\",\"valueRequired\":true,\"valueName\":\"search_term_string\"}}],\"inLanguage\":\"en-GB\"}]}<\/script>\n<!-- \/ Yoast SEO plugin. -->","yoast_head_json":{"title":"Impressum - Verenas Tiersaloon - Ihre Praxis f\u00fcr die Gesundheit und das Wohlbefinden Ihres Tieres","robots":{"index":"index","follow":"follow","max-snippet":"max-snippet:-1","max-image-preview":"max-image-preview:large","max-video-preview":"max-video-preview:-1"},"canonical":"https:\/\/heilendepfoten.de\/en\/impressum\/","og_locale":"en_GB","og_type":"article","og_title":"Impressum - Verenas Tiersaloon - Ihre Praxis f\u00fcr die Gesundheit und das Wohlbefinden Ihres Tieres","og_description":"Angaben gem. \u00a7 5 TMG Impressum Fachanw\u00e4ltin f\u00fcr MedizinrechtMagistra Rerum FiscaliumMaster of Laws Master of Advanced Studies (International Tax Law) Angaben zum Unternehmen HauptsitzSteuerb\u00fcro und Anwaltskanzlei Sch\u00fclerWasserweg 2, 64521 Gro\u00df-Gerau Kontakt Telefon: 0 61\u00a052 \u2013 806 8312E-Mail: info@heilendepfotenWeb: https:\/\/www.heilendepfoten.de Umsatzsteuer-ID DE215936852 Verantwortlich f\u00fcr redaktionelle Inhalte nach \u00a7 55 Abs. 2 RStV Verena Sch\u00fclerQuellenangaben f\u00fcr die [&hellip;]","og_url":"https:\/\/heilendepfoten.de\/en\/impressum\/","og_site_name":"Verenas Tiersaloon - Ihre Praxis f\u00fcr die Gesundheit und das Wohlbefinden Ihres Tieres","article_modified_time":"2026-04-25T13:09:08+00:00","twitter_card":"summary_large_image","schema":{"@context":"https:\/\/schema.org","@graph":[{"@type":"WebPage","@id":"https:\/\/heilendepfoten.de\/impressum\/","url":"https:\/\/heilendepfoten.de\/impressum\/","name":"Impressum - Verenas Tiersaloon - Ihre Praxis f\u00fcr die Gesundheit und das Wohlbefinden Ihres Tieres","isPartOf":{"@id":"https:\/\/heilendepfoten.de\/#website"},"datePublished":"2026-04-12T17:26:00+00:00","dateModified":"2026-04-25T13:09:08+00:00","breadcrumb":{"@id":"https:\/\/heilendepfoten.de\/impressum\/#breadcrumb"},"inLanguage":"en-GB","potentialAction":[{"@type":"ReadAction","target":["https:\/\/heilendepfoten.de\/impressum\/"]}]},{"@type":"BreadcrumbList","@id":"https:\/\/heilendepfoten.de\/impressum\/#breadcrumb","itemListElement":[{"@type":"ListItem","position":1,"name":"Start","item":"https:\/\/heilendepfoten.de\/"},{"@type":"ListItem","position":2,"name":"Impressum"}]},{"@type":"WebSite","@id":"https:\/\/heilendepfoten.de\/#website","url":"https:\/\/heilendepfoten.de\/","name":"Verenas Tiersaloon - Ihre Praxis f\u00fcr die Gesundheit und das Wohlbefinden Ihres Tieres","description":"","potentialAction":[{"@type":"SearchAction","target":{"@type":"EntryPoint","urlTemplate":"https:\/\/heilendepfoten.de\/?s={search_term_string}"},"query-input":{"@type":"PropertyValueSpecification","valueRequired":true,"valueName":"search_term_string"}}],"inLanguage":"en-GB"}]}},"_links":{"self":[{"href":"https:\/\/heilendepfoten.de\/en\/wp-json\/wp\/v2\/pages\/2","targetHints":{"allow":["GET"]}}],"collection":[{"href":"https:\/\/heilendepfoten.de\/en\/wp-json\/wp\/v2\/pages"}],"about":[{"href":"https:\/\/heilendepfoten.de\/en\/wp-json\/wp\/v2\/types\/page"}],"author":[{"embeddable":true,"href":"https:\/\/heilendepfoten.de\/en\/wp-json\/wp\/v2\/users\/1"}],"replies":[{"embeddable":true,"href":"https:\/\/heilendepfoten.de\/en\/wp-json\/wp\/v2\/comments?post=2"}],"version-history":[{"count":4,"href":"https:\/\/heilendepfoten.de\/en\/wp-json\/wp\/v2\/pages\/2\/revisions"}],"predecessor-version":[{"id":551,"href":"https:\/\/heilendepfoten.de\/en\/wp-json\/wp\/v2\/pages\/2\/revisions\/551"}],"wp:attachment":[{"href":"https:\/\/heilendepfoten.de\/en\/wp-json\/wp\/v2\/media?parent=2"}],"curies":[{"name":"wp","href":"https:\/\/api.w.org\/{rel}","templated":true}]}}