{"id":26,"date":"2026-04-12T16:16:19","date_gmt":"2026-04-12T16:16:19","guid":{"rendered":"https:\/\/heilendepfoten.de\/contact-us\/"},"modified":"2026-04-25T20:41:39","modified_gmt":"2026-04-25T20:41:39","slug":"kontakt","status":"publish","type":"page","link":"https:\/\/heilendepfoten.de\/en\/kontakt\/","title":{"rendered":"Contact"},"content":{"rendered":"\t\t<div data-elementor-type=\"wp-page\" data-elementor-id=\"26\" class=\"elementor elementor-26\" data-elementor-post-type=\"page\">\n\t\t\t\t<div class=\"elementor-element elementor-element-1183883f e-flex e-con-boxed e-con e-parent\" data-id=\"1183883f\" data-element_type=\"container\" data-e-type=\"container\" data-settings=\"{&quot;background_background&quot;:&quot;classic&quot;}\">\n\t\t\t\t\t<div class=\"e-con-inner\">\n\t\t\t\t<div class=\"elementor-element elementor-element-c00d4fc elementor-widget elementor-widget-elementskit-heading\" data-id=\"c00d4fc\" data-element_type=\"widget\" data-e-type=\"widget\" data-widget_type=\"elementskit-heading.default\">\n\t\t\t\t\t<div class=\"ekit-wid-con\" ><div class=\"ekit-heading elementskit-section-title-wraper text_center   ekit_heading_tablet-text_center   ekit_heading_mobile-\"><h2 class=\"ekit-heading--title elementskit-section-title \">Kontakt<\/h2><div class=\"ekit_heading_separetor_wraper ekit_heading_elementskit-border-divider ekit-dotted\"><div class=\"elementskit-border-divider ekit-dotted\"><\/div><\/div><\/div><\/div>\t\t\t\t<\/div>\n\t\t\t\t\t<\/div>\n\t\t\t\t<\/div>\n\t\t<div class=\"elementor-element elementor-element-3f0a36d2 e-flex e-con-boxed e-con e-parent\" data-id=\"3f0a36d2\" data-element_type=\"container\" data-e-type=\"container\">\n\t\t\t\t\t<div class=\"e-con-inner\">\n\t\t<div class=\"elementor-element elementor-element-463e7c6b e-flex e-con-boxed e-con e-child\" data-id=\"463e7c6b\" data-element_type=\"container\" data-e-type=\"container\">\n\t\t\t\t\t<div class=\"e-con-inner\">\n\t\t<div class=\"elementor-element elementor-element-6701a56e e-con-full e-flex e-con e-child\" data-id=\"6701a56e\" data-element_type=\"container\" data-e-type=\"container\">\n\t\t<div class=\"elementor-element elementor-element-1753e132 e-con-full e-flex e-con e-child\" data-id=\"1753e132\" data-element_type=\"container\" data-e-type=\"container\">\n\t\t\t\t<div class=\"elementor-element elementor-element-4f85d6c9 elementor-widget elementor-widget-image\" data-id=\"4f85d6c9\" data-element_type=\"widget\" data-e-type=\"widget\" data-widget_type=\"image.default\">\n\t\t\t\t\t\t\t\t\t\t\t\t\t\t\t<img decoding=\"async\" width=\"128\" height=\"128\" src=\"https:\/\/heilendepfoten.de\/wp-content\/uploads\/2026\/04\/telephone-ringing-2.png\" class=\"attachment-full size-full wp-image-27\" alt=\"\" \/>\t\t\t\t\t\t\t\t\t\t\t\t\t\t\t<\/div>\n\t\t\t\t<\/div>\n\t\t\t\t<div class=\"elementor-element elementor-element-5cf41182 elementor-widget elementor-widget-elementskit-heading\" data-id=\"5cf41182\" data-element_type=\"widget\" data-e-type=\"widget\" data-widget_type=\"elementskit-heading.default\">\n\t\t\t\t\t<div class=\"ekit-wid-con\" ><div class=\"ekit-heading elementskit-section-title-wraper text_center   ekit_heading_tablet-   ekit_heading_mobile-\"><h2 class=\"ekit-heading--title elementskit-section-title \">Telefonnummer<\/h2>\t\t\t\t<div class='ekit-heading__description'>\n\t\t\t\t\t<p>Tel: +49 6152 803 980 1<\/p>\n<p>\u00a0<\/p>\n\t\t\t\t<\/div>\n\t\t\t<\/div><\/div>\t\t\t\t<\/div>\n\t\t\t\t<\/div>\n\t\t<div class=\"elementor-element elementor-element-2eb22367 e-con-full e-flex e-con e-child\" data-id=\"2eb22367\" data-element_type=\"container\" data-e-type=\"container\">\n\t\t<div class=\"elementor-element elementor-element-73596aba e-con-full e-flex e-con e-child\" data-id=\"73596aba\" data-element_type=\"container\" data-e-type=\"container\">\n\t\t\t\t<div class=\"elementor-element elementor-element-41014fa2 elementor-widget elementor-widget-image\" data-id=\"41014fa2\" data-element_type=\"widget\" data-e-type=\"widget\" data-widget_type=\"image.default\">\n\t\t\t\t\t\t\t\t\t\t\t\t\t\t\t<img decoding=\"async\" width=\"128\" height=\"128\" src=\"https:\/\/heilendepfoten.de\/wp-content\/uploads\/2026\/04\/map.png\" class=\"attachment-full size-full wp-image-28\" alt=\"\" \/>\t\t\t\t\t\t\t\t\t\t\t\t\t\t\t<\/div>\n\t\t\t\t<\/div>\n\t\t\t\t<div class=\"elementor-element elementor-element-37929343 elementor-widget elementor-widget-elementskit-heading\" data-id=\"37929343\" data-element_type=\"widget\" data-e-type=\"widget\" data-widget_type=\"elementskit-heading.default\">\n\t\t\t\t\t<div class=\"ekit-wid-con\" ><div class=\"ekit-heading elementskit-section-title-wraper text_center   ekit_heading_tablet-   ekit_heading_mobile-\"><h2 class=\"ekit-heading--title elementskit-section-title \">Adresse<\/h2>\t\t\t\t<div class='ekit-heading__description'>\n\t\t\t\t\t<p>Wasserweg 2,<\/p>\n<p>64521 Gro\u00df-Gerau<\/p>\n\t\t\t\t<\/div>\n\t\t\t<\/div><\/div>\t\t\t\t<\/div>\n\t\t\t\t<\/div>\n\t\t<div class=\"elementor-element elementor-element-58274072 e-con-full e-flex e-con e-child\" data-id=\"58274072\" data-element_type=\"container\" data-e-type=\"container\">\n\t\t<div class=\"elementor-element elementor-element-38600137 e-con-full e-flex e-con e-child\" data-id=\"38600137\" data-element_type=\"container\" data-e-type=\"container\">\n\t\t\t\t<div class=\"elementor-element elementor-element-5ca74618 elementor-widget elementor-widget-image\" data-id=\"5ca74618\" data-element_type=\"widget\" data-e-type=\"widget\" data-widget_type=\"image.default\">\n\t\t\t\t\t\t\t\t\t\t\t\t\t\t\t<img decoding=\"async\" width=\"128\" height=\"128\" src=\"https:\/\/heilendepfoten.de\/wp-content\/uploads\/2026\/04\/email-3.png\" class=\"attachment-full size-full wp-image-29\" alt=\"\" \/>\t\t\t\t\t\t\t\t\t\t\t\t\t\t\t<\/div>\n\t\t\t\t<\/div>\n\t\t\t\t<div class=\"elementor-element elementor-element-324318e0 elementor-widget elementor-widget-elementskit-heading\" data-id=\"324318e0\" data-element_type=\"widget\" data-e-type=\"widget\" data-widget_type=\"elementskit-heading.default\">\n\t\t\t\t\t<div class=\"ekit-wid-con\" ><div class=\"ekit-heading elementskit-section-title-wraper text_center   ekit_heading_tablet-   ekit_heading_mobile-\"><h2 class=\"ekit-heading--title elementskit-section-title \">E-Mail<\/h2>\t\t\t\t<div class='ekit-heading__description'>\n\t\t\t\t\t<p>info@heilendepfoten.de<\/p>\n\t\t\t\t<\/div>\n\t\t\t<\/div><\/div>\t\t\t\t<\/div>\n\t\t\t\t<\/div>\n\t\t\t\t\t<\/div>\n\t\t\t\t<\/div>\n\t\t<div class=\"elementor-element elementor-element-1b30398e e-flex e-con-boxed e-con e-child\" data-id=\"1b30398e\" data-element_type=\"container\" data-e-type=\"container\">\n\t\t\t\t\t<div class=\"e-con-inner\">\n\t\t<div class=\"elementor-element elementor-element-26fc4bcb e-flex e-con-boxed e-con e-child\" data-id=\"26fc4bcb\" data-element_type=\"container\" data-e-type=\"container\">\n\t\t\t\t\t<div class=\"e-con-inner\">\n\t\t\t\t<div class=\"elementor-element elementor-element-534e386 elementor-widget elementor-widget-elementskit-heading\" data-id=\"534e386\" data-element_type=\"widget\" data-e-type=\"widget\" data-widget_type=\"elementskit-heading.default\">\n\t\t\t\t\t<div class=\"ekit-wid-con\" ><div class=\"ekit-heading elementskit-section-title-wraper text_left   ekit_heading_tablet-text_center   ekit_heading_mobile-\"><h2 class=\"ekit-heading--title elementskit-section-title \">Nehmen Sie Kontakt mit uns auf<\/h2>\t\t\t\t<div class='ekit-heading__description'>\n\t\t\t\t\t<p>Ihr Anliegen ist bei uns in den besten H\u00e4nden \u2013 wir nehmen uns Zeit f\u00fcr Ihre Fragen, beraten Sie individuell und stehen Ihnen jederzeit zuverl\u00e4ssig zur Seite.<\/p>\n\t\t\t\t<\/div>\n\t\t\t<\/div><\/div>\t\t\t\t<\/div>\n\t\t<div class=\"elementor-element elementor-element-481a2abc e-flex e-con-boxed e-con e-child\" data-id=\"481a2abc\" data-element_type=\"container\" data-e-type=\"container\" data-settings=\"{&quot;background_background&quot;:&quot;classic&quot;}\">\n\t\t\t\t\t<div class=\"e-con-inner\">\n\t\t\t\t<div class=\"elementor-element elementor-element-68e96588 elementor-button-align-stretch elementor-widget elementor-widget-form\" data-id=\"68e96588\" data-element_type=\"widget\" data-e-type=\"widget\" data-settings=\"{&quot;button_width&quot;:&quot;40&quot;,&quot;step_next_label&quot;:&quot;Next&quot;,&quot;step_previous_label&quot;:&quot;Previous&quot;,&quot;step_type&quot;:&quot;number_text&quot;,&quot;step_icon_shape&quot;:&quot;circle&quot;}\" data-widget_type=\"form.default\">\n\t\t\t\t\t\t\t<form class=\"elementor-form\" method=\"post\" name=\"New Form\" aria-label=\"New Form\">\n\t\t\t<input type=\"hidden\" name=\"post_id\" value=\"26\"\/>\n\t\t\t<input type=\"hidden\" name=\"form_id\" value=\"68e96588\"\/>\n\t\t\t<input type=\"hidden\" name=\"referer_title\" value=\"Kontakt - Verenas Tiersaloon - Ihre Praxis f\u00fcr die Gesundheit und das Wohlbefinden Ihres Tieres\" \/>\n\n\t\t\t\t\t\t\t<input type=\"hidden\" name=\"queried_id\" value=\"26\"\/>\n\t\t\t\n\t\t\t<div class=\"elementor-form-fields-wrapper elementor-labels-\">\n\t\t\t\t\t\t\t\t<div class=\"elementor-field-type-text elementor-field-group elementor-column elementor-field-group-name elementor-col-50\">\n\t\t\t\t\t\t\t\t\t\t\t\t\t<input size=\"1\" type=\"text\" name=\"form_fields[name]\" id=\"form-field-name\" class=\"elementor-field elementor-size-sm  elementor-field-textual\" placeholder=\"Vorname\">\n\t\t\t\t\t\t\t\t\t\t\t<\/div>\n\t\t\t\t\t\t\t\t<div class=\"elementor-field-type-text elementor-field-group elementor-column elementor-field-group-field_85336a5 elementor-col-50 elementor-field-required\">\n\t\t\t\t\t\t\t\t\t\t\t\t\t<input size=\"1\" type=\"text\" name=\"form_fields[field_85336a5]\" id=\"form-field-field_85336a5\" class=\"elementor-field elementor-size-sm  elementor-field-textual\" placeholder=\"Nachname\" required=\"required\">\n\t\t\t\t\t\t\t\t\t\t\t<\/div>\n\t\t\t\t\t\t\t\t<div class=\"elementor-field-type-tel elementor-field-group elementor-column elementor-field-group-email elementor-col-100\">\n\t\t\t\t\t\t\t<input size=\"1\" type=\"tel\" name=\"form_fields[email]\" id=\"form-field-email\" class=\"elementor-field elementor-size-sm  elementor-field-textual\" placeholder=\"Telefon oder Mobilfunknummer\" pattern=\"[0-9()#&amp;+*-=.]+\" title=\"Only numbers and phone characters (#, -, *, etc) are accepted.\">\n\n\t\t\t\t\t\t<\/div>\n\t\t\t\t\t\t\t\t<div class=\"elementor-field-type-email elementor-field-group elementor-column elementor-field-group-field_62ab2bd elementor-col-100 elementor-field-required\">\n\t\t\t\t\t\t\t\t\t\t\t\t\t<input size=\"1\" type=\"email\" name=\"form_fields[field_62ab2bd]\" id=\"form-field-field_62ab2bd\" class=\"elementor-field elementor-size-sm  elementor-field-textual\" placeholder=\"Email\" required=\"required\">\n\t\t\t\t\t\t\t\t\t\t\t<\/div>\n\t\t\t\t\t\t\t\t<div class=\"elementor-field-type-textarea elementor-field-group elementor-column elementor-field-group-message elementor-col-100\">\n\t\t\t\t\t<textarea class=\"elementor-field-textual elementor-field  elementor-size-sm\" name=\"form_fields[message]\" id=\"form-field-message\" rows=\"4\" placeholder=\"Ihre Nachricht\"><\/textarea>\t\t\t\t<\/div>\n\t\t\t\t\t\t\t\t<div class=\"elementor-field-group elementor-column elementor-field-type-submit elementor-col-40 e-form__buttons\">\n\t\t\t\t\t<button class=\"elementor-button elementor-size-sm\" type=\"submit\">\n\t\t\t\t\t\t<span class=\"elementor-button-content-wrapper\">\n\t\t\t\t\t\t\t\t\t\t\t\t\t\t\t\t\t\t\t\t\t\t<span class=\"elementor-button-text\">Senden<\/span>\n\t\t\t\t\t\t\t\t\t\t\t\t\t<\/span>\n\t\t\t\t\t<\/button>\n\t\t\t\t<\/div>\n\t\t\t<\/div>\n\t\t<\/form>\n\t\t\t\t\t\t<\/div>\n\t\t\t\t\t<\/div>\n\t\t\t\t<\/div>\n\t\t\t\t\t<\/div>\n\t\t\t\t<\/div>\n\t\t<div class=\"elementor-element elementor-element-621e1721 e-con-full e-flex e-con e-child\" data-id=\"621e1721\" data-element_type=\"container\" data-e-type=\"container\" data-settings=\"{&quot;background_background&quot;:&quot;classic&quot;}\">\n\t\t<div class=\"elementor-element elementor-element-6c00b1d7 e-con-full e-flex e-con e-child\" data-id=\"6c00b1d7\" data-element_type=\"container\" data-e-type=\"container\">\n\t\t<div class=\"elementor-element elementor-element-6f2229ca e-con-full e-flex e-con e-child\" data-id=\"6f2229ca\" data-element_type=\"container\" data-e-type=\"container\" data-settings=\"{&quot;background_background&quot;:&quot;classic&quot;}\">\n\t\t\t\t<div class=\"elementor-element elementor-element-424726d2 elementor-widget elementor-widget-image\" data-id=\"424726d2\" data-element_type=\"widget\" data-e-type=\"widget\" data-widget_type=\"image.default\">\n\t\t\t\t\t\t\t\t\t\t\t\t\t\t\t<img loading=\"lazy\" decoding=\"async\" width=\"500\" height=\"755\" src=\"https:\/\/heilendepfoten.de\/wp-content\/uploads\/2026\/04\/dog1-4.png\" class=\"attachment-large size-large wp-image-30\" alt=\"\" srcset=\"https:\/\/heilendepfoten.de\/wp-content\/uploads\/2026\/04\/dog1-4.png 500w, https:\/\/heilendepfoten.de\/wp-content\/uploads\/2026\/04\/dog1-4-199x300.png 199w\" sizes=\"(max-width: 500px) 100vw, 500px\" \/>\t\t\t\t\t\t\t\t\t\t\t\t\t\t\t<\/div>\n\t\t\t\t<\/div>\n\t\t\t\t<\/div>\n\t\t<div class=\"elementor-element elementor-element-7519401f e-con-full e-flex e-con e-child\" data-id=\"7519401f\" data-element_type=\"container\" data-e-type=\"container\" data-settings=\"{&quot;background_background&quot;:&quot;classic&quot;}\">\n\t\t\t\t<div class=\"elementor-element elementor-element-4e8d07c8 elementor-widget elementor-widget-heading\" data-id=\"4e8d07c8\" data-element_type=\"widget\" data-e-type=\"widget\" data-widget_type=\"heading.default\">\n\t\t\t\t\t<h5 class=\"elementor-heading-title elementor-size-default\">Professionelle Tierpflege mit pers\u00f6nlicher Betreuung<\/h5>\t\t\t\t<\/div>\n\t\t\t\t<\/div>\n\t\t\t\t<\/div>\n\t\t\t\t\t<\/div>\n\t\t\t\t<\/div>\n\t\t\t\t\t<\/div>\n\t\t\t\t<\/div>\n\t\t<div class=\"elementor-element elementor-element-63955c9f e-con-full e-flex e-con e-parent\" data-id=\"63955c9f\" data-element_type=\"container\" data-e-type=\"container\">\n\t\t\t\t<div class=\"elementor-element elementor-element-ae4bde1 elementor-widget elementor-widget-google_maps\" data-id=\"ae4bde1\" data-element_type=\"widget\" data-e-type=\"widget\" data-widget_type=\"google_maps.default\">\n\t\t\t\t\t\t\t<div class=\"elementor-custom-embed\">\n\t\t\t<iframe loading=\"lazy\"\n\t\t\t\t\tsrc=\"https:\/\/maps.google.com\/maps?q=Wasserweg%202%20Gro%C3%9F%20Gerau&#038;t=m&#038;z=14&#038;output=embed&#038;iwloc=near\"\n\t\t\t\t\ttitle=\"Wasserweg 2 Gro\u00df Gerau\"\n\t\t\t\t\taria-label=\"Wasserweg 2 Gro\u00df Gerau\"\n\t\t\t><\/iframe>\n\t\t<\/div>\n\t\t\t\t\t\t<\/div>\n\t\t\t\t<\/div>\n\t\t\t\t<\/div>\n\t\t","protected":false},"excerpt":{"rendered":"<p>Kontakt Telefonnummer Tel: +49 6152 803 980 1 \u00a0 Adresse Wasserweg 2, 64521 Gro\u00df-Gerau E-Mail info@heilendepfoten.de Nehmen Sie Kontakt mit uns auf Ihr Anliegen ist bei uns in den besten H\u00e4nden \u2013 wir nehmen uns Zeit f\u00fcr Ihre Fragen, beraten Sie individuell und stehen Ihnen jederzeit zuverl\u00e4ssig zur Seite. Professionelle Tierpflege mit pers\u00f6nlicher Betreuung<\/p>","protected":false},"author":1,"featured_media":0,"parent":0,"menu_order":0,"comment_status":"closed","ping_status":"closed","template":"full-width-template.php","meta":{"footnotes":""},"class_list":["post-26","page","type-page","status-publish","hentry"],"yoast_head":"<!-- This site is optimized with the Yoast SEO plugin v27.5 - https:\/\/yoast.com\/product\/yoast-seo-wordpress\/ -->\n<title>Kontakt - Verenas Tiersaloon - Ihre Praxis f\u00fcr die Gesundheit und das Wohlbefinden Ihres Tieres<\/title>\n<meta name=\"robots\" content=\"index, follow, max-snippet:-1, max-image-preview:large, max-video-preview:-1\" \/>\n<link rel=\"canonical\" href=\"https:\/\/heilendepfoten.de\/en\/kontakt\/\" \/>\n<meta property=\"og:locale\" content=\"en_GB\" \/>\n<meta property=\"og:type\" content=\"article\" \/>\n<meta property=\"og:title\" content=\"Kontakt - Verenas Tiersaloon - Ihre Praxis f\u00fcr die Gesundheit und das Wohlbefinden Ihres Tieres\" \/>\n<meta property=\"og:description\" content=\"Kontakt Telefonnummer Tel: +49 6152 803 980 1 \u00a0 Adresse Wasserweg 2, 64521 Gro\u00df-Gerau E-Mail info@heilendepfoten.de Nehmen Sie Kontakt mit uns auf Ihr Anliegen ist bei uns in den besten H\u00e4nden \u2013 wir nehmen uns Zeit f\u00fcr Ihre Fragen, beraten Sie individuell und stehen Ihnen jederzeit zuverl\u00e4ssig zur Seite. Professionelle Tierpflege mit pers\u00f6nlicher Betreuung\" \/>\n<meta property=\"og:url\" content=\"https:\/\/heilendepfoten.de\/en\/kontakt\/\" \/>\n<meta property=\"og:site_name\" content=\"Verenas Tiersaloon - Ihre Praxis f\u00fcr die Gesundheit und das Wohlbefinden Ihres Tieres\" \/>\n<meta property=\"article:modified_time\" content=\"2026-04-25T20:41:39+00:00\" \/>\n<meta property=\"og:image\" content=\"https:\/\/heilendepfoten.de\/wp-content\/uploads\/2026\/04\/telephone-ringing-2.png\" \/>\n\t<meta property=\"og:image:width\" content=\"128\" \/>\n\t<meta property=\"og:image:height\" content=\"128\" \/>\n\t<meta property=\"og:image:type\" content=\"image\/png\" \/>\n<meta name=\"twitter:card\" content=\"summary_large_image\" \/>\n<meta name=\"twitter:label1\" content=\"Estimated reading time\" \/>\n\t<meta name=\"twitter:data1\" content=\"1 minute\" \/>\n<script type=\"application\/ld+json\" class=\"yoast-schema-graph\">{\"@context\":\"https:\\\/\\\/schema.org\",\"@graph\":[{\"@type\":\"WebPage\",\"@id\":\"https:\\\/\\\/heilendepfoten.de\\\/kontakt\\\/\",\"url\":\"https:\\\/\\\/heilendepfoten.de\\\/kontakt\\\/\",\"name\":\"Kontakt - Verenas Tiersaloon - Ihre Praxis f\u00fcr die Gesundheit und das Wohlbefinden Ihres Tieres\",\"isPartOf\":{\"@id\":\"https:\\\/\\\/heilendepfoten.de\\\/#website\"},\"primaryImageOfPage\":{\"@id\":\"https:\\\/\\\/heilendepfoten.de\\\/kontakt\\\/#primaryimage\"},\"image\":{\"@id\":\"https:\\\/\\\/heilendepfoten.de\\\/kontakt\\\/#primaryimage\"},\"thumbnailUrl\":\"https:\\\/\\\/heilendepfoten.de\\\/wp-content\\\/uploads\\\/2026\\\/04\\\/telephone-ringing-2.png\",\"datePublished\":\"2026-04-12T16:16:19+00:00\",\"dateModified\":\"2026-04-25T20:41:39+00:00\",\"breadcrumb\":{\"@id\":\"https:\\\/\\\/heilendepfoten.de\\\/kontakt\\\/#breadcrumb\"},\"inLanguage\":\"en-GB\",\"potentialAction\":[{\"@type\":\"ReadAction\",\"target\":[\"https:\\\/\\\/heilendepfoten.de\\\/kontakt\\\/\"]}]},{\"@type\":\"ImageObject\",\"inLanguage\":\"en-GB\",\"@id\":\"https:\\\/\\\/heilendepfoten.de\\\/kontakt\\\/#primaryimage\",\"url\":\"https:\\\/\\\/heilendepfoten.de\\\/wp-content\\\/uploads\\\/2026\\\/04\\\/telephone-ringing-2.png\",\"contentUrl\":\"https:\\\/\\\/heilendepfoten.de\\\/wp-content\\\/uploads\\\/2026\\\/04\\\/telephone-ringing-2.png\"},{\"@type\":\"BreadcrumbList\",\"@id\":\"https:\\\/\\\/heilendepfoten.de\\\/kontakt\\\/#breadcrumb\",\"itemListElement\":[{\"@type\":\"ListItem\",\"position\":1,\"name\":\"Start\",\"item\":\"https:\\\/\\\/heilendepfoten.de\\\/\"},{\"@type\":\"ListItem\",\"position\":2,\"name\":\"Kontakt\"}]},{\"@type\":\"WebSite\",\"@id\":\"https:\\\/\\\/heilendepfoten.de\\\/#website\",\"url\":\"https:\\\/\\\/heilendepfoten.de\\\/\",\"name\":\"Verenas Tiersaloon - Ihre Praxis f\u00fcr die Gesundheit und das Wohlbefinden Ihres Tieres\",\"description\":\"\",\"potentialAction\":[{\"@type\":\"SearchAction\",\"target\":{\"@type\":\"EntryPoint\",\"urlTemplate\":\"https:\\\/\\\/heilendepfoten.de\\\/?s={search_term_string}\"},\"query-input\":{\"@type\":\"PropertyValueSpecification\",\"valueRequired\":true,\"valueName\":\"search_term_string\"}}],\"inLanguage\":\"en-GB\"}]}<\/script>\n<!-- \/ Yoast SEO plugin. -->","yoast_head_json":{"title":"Kontakt - Verenas Tiersaloon - Ihre Praxis f\u00fcr die Gesundheit und das Wohlbefinden Ihres Tieres","robots":{"index":"index","follow":"follow","max-snippet":"max-snippet:-1","max-image-preview":"max-image-preview:large","max-video-preview":"max-video-preview:-1"},"canonical":"https:\/\/heilendepfoten.de\/en\/kontakt\/","og_locale":"en_GB","og_type":"article","og_title":"Kontakt - Verenas Tiersaloon - Ihre Praxis f\u00fcr die Gesundheit und das Wohlbefinden Ihres Tieres","og_description":"Kontakt Telefonnummer Tel: +49 6152 803 980 1 \u00a0 Adresse Wasserweg 2, 64521 Gro\u00df-Gerau E-Mail info@heilendepfoten.de Nehmen Sie Kontakt mit uns auf Ihr Anliegen ist bei uns in den besten H\u00e4nden \u2013 wir nehmen uns Zeit f\u00fcr Ihre Fragen, beraten Sie individuell und stehen Ihnen jederzeit zuverl\u00e4ssig zur Seite. Professionelle Tierpflege mit pers\u00f6nlicher Betreuung","og_url":"https:\/\/heilendepfoten.de\/en\/kontakt\/","og_site_name":"Verenas Tiersaloon - Ihre Praxis f\u00fcr die Gesundheit und das Wohlbefinden Ihres Tieres","article_modified_time":"2026-04-25T20:41:39+00:00","og_image":[{"width":128,"height":128,"url":"https:\/\/heilendepfoten.de\/wp-content\/uploads\/2026\/04\/telephone-ringing-2.png","type":"image\/png"}],"twitter_card":"summary_large_image","twitter_misc":{"Estimated reading time":"1 minute"},"schema":{"@context":"https:\/\/schema.org","@graph":[{"@type":"WebPage","@id":"https:\/\/heilendepfoten.de\/kontakt\/","url":"https:\/\/heilendepfoten.de\/kontakt\/","name":"Kontakt - Verenas Tiersaloon - Ihre Praxis f\u00fcr die Gesundheit und das Wohlbefinden Ihres Tieres","isPartOf":{"@id":"https:\/\/heilendepfoten.de\/#website"},"primaryImageOfPage":{"@id":"https:\/\/heilendepfoten.de\/kontakt\/#primaryimage"},"image":{"@id":"https:\/\/heilendepfoten.de\/kontakt\/#primaryimage"},"thumbnailUrl":"https:\/\/heilendepfoten.de\/wp-content\/uploads\/2026\/04\/telephone-ringing-2.png","datePublished":"2026-04-12T16:16:19+00:00","dateModified":"2026-04-25T20:41:39+00:00","breadcrumb":{"@id":"https:\/\/heilendepfoten.de\/kontakt\/#breadcrumb"},"inLanguage":"en-GB","potentialAction":[{"@type":"ReadAction","target":["https:\/\/heilendepfoten.de\/kontakt\/"]}]},{"@type":"ImageObject","inLanguage":"en-GB","@id":"https:\/\/heilendepfoten.de\/kontakt\/#primaryimage","url":"https:\/\/heilendepfoten.de\/wp-content\/uploads\/2026\/04\/telephone-ringing-2.png","contentUrl":"https:\/\/heilendepfoten.de\/wp-content\/uploads\/2026\/04\/telephone-ringing-2.png"},{"@type":"BreadcrumbList","@id":"https:\/\/heilendepfoten.de\/kontakt\/#breadcrumb","itemListElement":[{"@type":"ListItem","position":1,"name":"Start","item":"https:\/\/heilendepfoten.de\/"},{"@type":"ListItem","position":2,"name":"Kontakt"}]},{"@type":"WebSite","@id":"https:\/\/heilendepfoten.de\/#website","url":"https:\/\/heilendepfoten.de\/","name":"Verenas Tiersaloon - Ihre Praxis f\u00fcr die Gesundheit und das Wohlbefinden Ihres Tieres","description":"","potentialAction":[{"@type":"SearchAction","target":{"@type":"EntryPoint","urlTemplate":"https:\/\/heilendepfoten.de\/?s={search_term_string}"},"query-input":{"@type":"PropertyValueSpecification","valueRequired":true,"valueName":"search_term_string"}}],"inLanguage":"en-GB"}]}},"_links":{"self":[{"href":"https:\/\/heilendepfoten.de\/en\/wp-json\/wp\/v2\/pages\/26","targetHints":{"allow":["GET"]}}],"collection":[{"href":"https:\/\/heilendepfoten.de\/en\/wp-json\/wp\/v2\/pages"}],"about":[{"href":"https:\/\/heilendepfoten.de\/en\/wp-json\/wp\/v2\/types\/page"}],"author":[{"embeddable":true,"href":"https:\/\/heilendepfoten.de\/en\/wp-json\/wp\/v2\/users\/1"}],"replies":[{"embeddable":true,"href":"https:\/\/heilendepfoten.de\/en\/wp-json\/wp\/v2\/comments?post=26"}],"version-history":[{"count":5,"href":"https:\/\/heilendepfoten.de\/en\/wp-json\/wp\/v2\/pages\/26\/revisions"}],"predecessor-version":[{"id":636,"href":"https:\/\/heilendepfoten.de\/en\/wp-json\/wp\/v2\/pages\/26\/revisions\/636"}],"wp:attachment":[{"href":"https:\/\/heilendepfoten.de\/en\/wp-json\/wp\/v2\/media?parent=26"}],"curies":[{"name":"wp","href":"https:\/\/api.w.org\/{rel}","templated":true}]}}